{"id":1647,"date":"2022-05-14T21:29:56","date_gmt":"2022-05-14T21:29:56","guid":{"rendered":"https:\/\/chapelofthepinescrematory.com\/?page_id=1647"},"modified":"2022-05-20T21:33:57","modified_gmt":"2022-05-20T21:33:57","slug":"cloisonne-urns","status":"publish","type":"page","link":"https:\/\/chapelofthepinescrematory.com\/staging01\/cloisonne-urns\/","title":{"rendered":"Traditional Cloisonn\u00e9 Urns"},"content":{"rendered":"<p>Handmade Cloisonn\u00e9 Copper Urns With Porcelain Finish<\/p>\n<table class=\"table table-striped\" width=\"100%\" cellspacing=\"0\" cellpadding=\"0\" align=\"center\">\n<tbody>\n<tr class=\"success\">\n<td align=\"left\" valign=\"top\" width=\"3%\">ID<\/td>\n<td align=\"left\" valign=\"top\" width=\"40%\">Name<\/td>\n<td align=\"left\" valign=\"top\" width=\"34%\">Dimensions<\/td>\n<td align=\"left\" valign=\"top\" width=\"11%\">Price<\/td>\n<td align=\"left\" valign=\"top\" width=\"12%\"><\/td>\n<\/tr>\n<tr>\n<td align=\"left\" valign=\"top\">CR<\/td>\n<td align=\"left\" valign=\"top\">Iris Cloisonn\u00e9 Urn<\/td>\n<td align=\"left\" valign=\"top\">9.5&#8243; x 7.5&#8243;<\/td>\n<td align=\"left\" valign=\"top\">$398<\/td>\n<td align=\"left\" valign=\"top\"><a href=\"https:\/\/chapelofthepinescrematory.com\/staging01\/wp-content\/uploads\/2022\/05\/iris-cloisanne.jpg\" rel=\"lightbox[1647]\">Click to View<\/a><\/td>\n<\/tr>\n<tr>\n<td align=\"left\" valign=\"top\">CR<\/td>\n<td align=\"left\" valign=\"top\">Indigo Cloisonn\u00e9 Urn<\/td>\n<td align=\"left\" valign=\"top\">9.3&#8243; x 6.8&#8243;<\/td>\n<td align=\"left\" valign=\"top\">$398<\/td>\n<td align=\"left\" valign=\"top\"><a href=\"https:\/\/chapelofthepinescrematory.com\/staging01\/wp-content\/uploads\/2022\/05\/indigo-cloisonne.jpg\" rel=\"lightbox[1647]\">Click to View<\/a><\/td>\n<\/tr>\n<tr>\n<td align=\"left\" valign=\"top\">CR<\/td>\n<td align=\"left\" valign=\"top\">Going Home Cloisonn\u00e9 Urn<\/td>\n<td align=\"left\" valign=\"top\">9.3&#8243; x 6.8&#8243;<\/td>\n<td align=\"left\" valign=\"top\">$398<\/td>\n<td align=\"left\" valign=\"top\"><a href=\"https:\/\/chapelofthepinescrematory.com\/staging01\/wp-content\/uploads\/2022\/05\/going-home-cloisonne-urn.jpg\" rel=\"lightbox[1647]\">Click to View<\/a><\/td>\n<\/tr>\n<tr>\n<td align=\"left\" valign=\"top\">CR<\/td>\n<td align=\"left\" valign=\"top\">Rose Cloisonn\u00e9 Urn<\/td>\n<td align=\"left\" valign=\"top\">9.5&#8243; x 7.5&#8243;<\/td>\n<td align=\"left\" valign=\"top\">$398<\/td>\n<td align=\"left\" valign=\"top\"><a href=\"https:\/\/chapelofthepinescrematory.com\/staging01\/wp-content\/uploads\/2022\/05\/rose-cloisanne.jpg\" rel=\"lightbox[1647]\">Click to View<\/a><\/td>\n<\/tr>\n<tr>\n<td align=\"left\" valign=\"top\">CR<\/td>\n<td align=\"left\" valign=\"top\">Hunter Green Cloisonn\u00e9 Urn<\/td>\n<td align=\"left\" valign=\"top\">9.5&#8243; x 7.5&#8243;<\/td>\n<td align=\"left\" valign=\"top\">$398<\/td>\n<td align=\"left\" valign=\"top\"><a href=\"https:\/\/chapelofthepinescrematory.com\/staging01\/wp-content\/uploads\/2022\/05\/hunter-green-cloisanne.jpg\" rel=\"lightbox[1647]\">Click to View<\/a><\/td>\n<\/tr>\n<tr>\n<td align=\"left\" valign=\"top\">CR<\/td>\n<td align=\"left\" valign=\"top\">Slate Cloisonn\u00e9 Urn<\/td>\n<td align=\"left\" valign=\"top\">9.3&#8243; x 6.8&#8243;<\/td>\n<td align=\"left\" valign=\"top\">$398<\/td>\n<td align=\"left\" valign=\"top\"><a href=\"https:\/\/chapelofthepinescrematory.com\/staging01\/wp-content\/uploads\/2022\/05\/slate-cloisanne.jpg\" rel=\"lightbox[1647]\">Click to View<\/a><\/td>\n<\/tr>\n<\/tbody>\n<\/table>\n","protected":false},"excerpt":{"rendered":"<p>Handmade Cloisonn\u00e9 Copper Urns With Porcelain Finish ID Name Dimensions Price CR Iris Cloisonn\u00e9 Urn 9.5&#8243; x 7.5&#8243; $398 Click to View CR Indigo Cloisonn\u00e9 Urn 9.3&#8243; x 6.8&#8243; $398 Click to View CR Going Home Cloisonn\u00e9 Urn 9.3&#8243; x 6.8&#8243; $398 Click to View CR Rose Cloisonn\u00e9 Urn 9.5&#8243; x 7.5&#8243; $398 Click to View CR Hunter Green Cloisonn\u00e9 Urn 9.5&#8243; x 7.5&#8243; $398 Click to View CR Slate Cloisonn\u00e9 Urn 9.3&#8243; x 6.8&#8243; $398 Click to View<\/p>\n","protected":false},"author":1,"featured_media":0,"parent":0,"menu_order":0,"comment_status":"closed","ping_status":"closed","template":"page-urns.php","meta":{"_exactmetrics_skip_tracking":false,"_exactmetrics_sitenote_active":false,"_exactmetrics_sitenote_note":"","_exactmetrics_sitenote_category":0,"footnotes":""},"_links":{"self":[{"href":"https:\/\/chapelofthepinescrematory.com\/staging01\/wp-json\/wp\/v2\/pages\/1647"}],"collection":[{"href":"https:\/\/chapelofthepinescrematory.com\/staging01\/wp-json\/wp\/v2\/pages"}],"about":[{"href":"https:\/\/chapelofthepinescrematory.com\/staging01\/wp-json\/wp\/v2\/types\/page"}],"author":[{"embeddable":true,"href":"https:\/\/chapelofthepinescrematory.com\/staging01\/wp-json\/wp\/v2\/users\/1"}],"replies":[{"embeddable":true,"href":"https:\/\/chapelofthepinescrematory.com\/staging01\/wp-json\/wp\/v2\/comments?post=1647"}],"version-history":[{"count":6,"href":"https:\/\/chapelofthepinescrematory.com\/staging01\/wp-json\/wp\/v2\/pages\/1647\/revisions"}],"predecessor-version":[{"id":1895,"href":"https:\/\/chapelofthepinescrematory.com\/staging01\/wp-json\/wp\/v2\/pages\/1647\/revisions\/1895"}],"wp:attachment":[{"href":"https:\/\/chapelofthepinescrematory.com\/staging01\/wp-json\/wp\/v2\/media?parent=1647"}],"curies":[{"name":"wp","href":"https:\/\/api.w.org\/{rel}","templated":true}]}}